{"id":1336,"date":"2023-10-20T14:58:33","date_gmt":"2023-10-20T14:58:33","guid":{"rendered":"https:\/\/www.inocess.com\/?page_id=1336"},"modified":"2023-10-20T14:58:33","modified_gmt":"2023-10-20T14:58:33","slug":"induccion","status":"publish","type":"page","link":"https:\/\/www.inocess.com\/?page_id=1336&lang=es","title":{"rendered":"Inducci\u00f3n"},"content":{"rendered":"<div class=\"fusion-fullwidth fullwidth-box fusion-builder-row-1 fusion-flex-container nonhundred-percent-fullwidth non-hundred-percent-height-scrolling\" style=\"background-color: #ffffff;background-position: center center;background-repeat: no-repeat;border-width: 0px 0px 0px 0px;border-color:#eae9e9;border-style:solid;\" id=\"bkgcolor\" ><div class=\"fusion-builder-row fusion-row fusion-flex-align-items-stretch fusion-flex-justify-content-center\" style=\"max-width:calc( 1200px + 30px );margin-left: calc(-30px \/ 2 );margin-right: calc(-30px \/ 2 );\"><div class=\"fusion-layout-column fusion_builder_column fusion-builder-column-0 fusion_builder_column_1_1 1_1 fusion-flex-column fusion-flex-align-self-center\"><div class=\"fusion-column-wrapper fusion-flex-justify-content-center fusion-content-layout-column\" style=\"background-position:left top;background-repeat:no-repeat;-webkit-background-size:cover;-moz-background-size:cover;-o-background-size:cover;background-size:cover;border-radius:30px 30px 30px 30px;background-color:var(--awb-color6);border-radius:30px 30px 30px 30px;overflow:hidden;padding: 40px 10vw 40px 10vw;\"><div style=\"text-align:center;\"><style>.fusion-imageframe.imageframe-1{ margin-top : -4em;}<\/style><span class=\" fusion-imageframe imageframe-none imageframe-1 hover-type-none\" style=\"max-width:60vw;\"><img decoding=\"async\" width=\"2000\" height=\"1605\" title=\"Induction-2\" src=\"https:\/\/www.inocess.com\/wp-content\/uploads\/2022\/06\/Induction-2-1.png\" data-orig-src=\"https:\/\/www.inocess.com\/wp-content\/uploads\/2022\/06\/Induction-2-1.png\" alt class=\"lazyload img-responsive wp-image-1187\" srcset=\"data:image\/svg+xml,%3Csvg%20xmlns%3D%27http%3A%2F%2Fwww.w3.org%2F2000%2Fsvg%27%20width%3D%272000%27%20height%3D%271605%27%20viewBox%3D%270%200%202000%201605%27%3E%3Crect%20width%3D%272000%27%20height%3D%271605%27%20fill-opacity%3D%220%22%2F%3E%3C%2Fsvg%3E\" data-srcset=\"https:\/\/www.inocess.com\/wp-content\/uploads\/2022\/06\/Induction-2-1-200x161.png 200w, https:\/\/www.inocess.com\/wp-content\/uploads\/2022\/06\/Induction-2-1-400x321.png 400w, https:\/\/www.inocess.com\/wp-content\/uploads\/2022\/06\/Induction-2-1-600x482.png 600w, https:\/\/www.inocess.com\/wp-content\/uploads\/2022\/06\/Induction-2-1-800x642.png 800w, https:\/\/www.inocess.com\/wp-content\/uploads\/2022\/06\/Induction-2-1-1200x963.png 1200w, https:\/\/www.inocess.com\/wp-content\/uploads\/2022\/06\/Induction-2-1.png 2000w\" data-sizes=\"auto\" data-orig-sizes=\"(max-width: 640px) 100vw, 1200px\" \/><\/span><style type=\"text\/css\">.imageframe-1{filter: saturate(119%);transition: filter 0.3s ease;}.imageframe-1:hover{filter: saturate(100%);}<\/style><\/div><style type=\"text\/css\">.fusion-title.fusion-title-1 .fusion-animated-texts-wrapper::before{background-color:#ffffff!important}@media only screen and (max-width:1024px) {.fusion-title.fusion-title-1{margin-top:-3em!important; margin-right:0px!important;margin-bottom:1em!important;margin-left:0px!important;}}@media only screen and (max-width:640px) {.fusion-title.fusion-title-1{margin-top:-2em!important; margin-right:0px!important;margin-bottom:1em!important; margin-left:0px!important;}}<\/style><div class=\"fusion-title title fusion-title-1 fusion-sep-none fusion-title-center fusion-title-rotating fusion-loop-off fusion-title-clipIn fusion-title-size-one\" style=\"margin-top:-3em;margin-right:0px;margin-bottom:1em;margin-left:0px;\"><h1 class=\"title-heading-center fusion-responsive-typography-calculated\" style=\"margin:0;text-transform:capitalize;color:#ffffff;--fontSize:54;line-height:1.16;\"><span class=\"fusion-animated-text-prefix\"><\/span> <span class=\"fusion-animated-texts-wrapper\" style=\"text-align: center;\" data-length=\"line\" data-minDisplayTime=\"1200\"><span class=\"fusion-animated-texts\"><span data-in-effect=\"clipIn\" class=\"fusion-animated-text\" data-in-sequence=\"true\" data-out-reverse=\"true\" data-out-effect=\"clipOut\">Inducci\u00f3n<\/span><\/span><\/span> <span class=\"fusion-animated-text-postfix\"><\/span><\/h1><\/div><div class=\"fusion-text fusion-text-1 fusion-text-no-margin\" style=\"color:#c6c6c6;\"><p style=\"text-align: center;\">Los conocimientos de &#8220;energ\u00eda&#8221; de Inocess se extienden a la transferencia por inducci\u00f3n de alta eficiencia, port\u00e1til y miniaturizada de potencia media (de 1W a 200W).<br \/>\nLos equipos est\u00e1n dise\u00f1ando bloques de construcci\u00f3n de tecnolog\u00eda de energ\u00eda por inducci\u00f3n para sistemas que no son aptos para conectores.<\/p>\n<\/div><\/div><style type=\"text\/css\">.fusion-body .fusion-builder-column-0{width:100% !important;margin-top : 0px;margin-bottom : 30px;}.fusion-builder-column-0 > .fusion-column-wrapper {padding-top : 40 !important;padding-right : 10vw !important;margin-right : 15px;padding-bottom : 40 !important;padding-left : 10vw !important;margin-left : 15px;}@media only screen and (max-width:1024px) {.fusion-body .fusion-builder-column-0{width:100% !important;order : 0;}.fusion-builder-column-0 > .fusion-column-wrapper {margin-right : 15px;margin-left : 15px;}}@media only screen and (max-width:640px) {.fusion-body .fusion-builder-column-0{width:100% !important;order : 0;}.fusion-builder-column-0 > .fusion-column-wrapper {margin-right : 15px;margin-left : 15px;}}<\/style><\/div><div class=\"fusion-layout-column fusion_builder_column fusion-builder-column-1 fusion_builder_column_1_1 1_1 fusion-flex-column\"><div class=\"fusion-column-wrapper fusion-flex-justify-content-space-between fusion-content-layout-column\" style=\"background-position:left top;background-repeat:no-repeat;-webkit-background-size:cover;-moz-background-size:cover;-o-background-size:cover;background-size:cover;border-radius:30px 30px 30px 30px;background-color:rgba(0,0,0,0.1);border-radius:30px 30px 30px 30px;overflow:hidden;padding: 20px 20px 20px 20px;\"><style type=\"text\/css\">@media only screen and (max-width:1024px) {.fusion-title.fusion-title-2{margin-top:0px!important; margin-right:0px!important;margin-bottom:0px!important;margin-left:0px!important;}}@media only screen and (max-width:640px) {.fusion-title.fusion-title-2{margin-top:0px!important; margin-right:0px!important;margin-bottom:0px!important; margin-left:0px!important;}}<\/style><div class=\"fusion-title title fusion-title-2 fusion-sep-none fusion-title-center fusion-title-text fusion-title-size-div\" style=\"margin-top:0px;margin-right:0px;margin-bottom:0px;margin-left:0px;\"><div class=\"title-heading-center title-heading-tag fusion-responsive-typography-calculated\" style=\"margin:0;color:#ffffff;--fontSize:16;--minFontSize:16px;line-height:1.4;\">Ejemplos de aplicaci\u00f3n :<\/div><\/div><\/div><style type=\"text\/css\">.fusion-body .fusion-builder-column-1{width:100% !important;margin-top : 0px;margin-bottom : 30px;}.fusion-builder-column-1 > .fusion-column-wrapper {padding-top : 20px !important;padding-right : 20px !important;margin-right : 15px;padding-bottom : 20px !important;padding-left : 20px !important;margin-left : 15px;}@media only screen and (max-width:1024px) {.fusion-body .fusion-builder-column-1{width:100% !important;order : 0;}.fusion-builder-column-1 > .fusion-column-wrapper {margin-right : 15px;margin-left : 15px;}}@media only screen and (max-width:640px) {.fusion-body .fusion-builder-column-1{width:100% !important;order : 0;}.fusion-builder-column-1 > .fusion-column-wrapper {margin-right : 15px;margin-left : 15px;}}<\/style><\/div><div class=\"fusion-layout-column fusion_builder_column fusion-builder-column-2 fusion_builder_column_1_2 1_2 fusion-flex-column fusion-column-inner-bg-wrapper fusion-column-liftup-border\"><div class=\"fusion-column-wrapper fusion-flex-justify-content-space-between fusion-content-layout-column\" style=\"border-radius:30px 30px 30px 30px;overflow:hidden;padding: 40px 40px 40px 40px;\"><i class=\"fb-icon-element-1 fb-icon-element fontawesome-icon fa-water fas circle-no fusion-text-flow\" style=\"font-size:56px;margin-bottom:20px;\"><\/i><style>i.fb-icon-element.fontawesome-icon.fb-icon-element-1{ color: #ffffff;}i.fb-icon-element.fontawesome-icon.fb-icon-element-1:hover { color: #ffffff;}@media only screen and (max-width:1024px) {i.fb-icon-element.fontawesome-icon.fb-icon-element-1{ align-self:center;}}@media only screen and (max-width:640px) {i.fb-icon-element.fontawesome-icon.fb-icon-element-1{ align-self:center;}}<\/style><style type=\"text\/css\">@media only screen and (max-width:1024px) {.fusion-title.fusion-title-3{margin-top:0px!important; margin-right:0px!important;margin-bottom:0px!important;margin-left:0px!important;}}@media only screen and (max-width:640px) {.fusion-title.fusion-title-3{margin-top:0px!important; margin-right:0px!important;margin-bottom:0px!important; margin-left:0px!important;}}<\/style><div class=\"fusion-title title fusion-title-3 fusion-sep-none fusion-title-text fusion-title-size-five\" style=\"margin-top:0px;margin-right:0px;margin-bottom:0px;margin-left:0px;\"><h5 class=\"title-heading-left md-text-align-center sm-text-align-center fusion-responsive-typography-calculated\" style=\"margin:0;color:#ffffff;--fontSize:24;line-height:1.4;\">Aplicaciones submarinas<\/h5><\/div><\/div><span class=\"fusion-column-inner-bg hover-type-liftup\"><span class=\"fusion-column-anchor\"><span class=\"fusion-column-inner-bg-image\" style=\"background-image: linear-gradient(178deg, var(--awb-color5) 0%,var(--awb-color6) 100%);background-position:left top;background-repeat:no-repeat;-webkit-background-size:cover;-moz-background-size:cover;-o-background-size:cover;background-size:cover;border-radius:30px 30px 30px 30px;\"><\/span><\/span><\/span><style type=\"text\/css\">.fusion-body .fusion-builder-column-2{width:50% !important;margin-top : 0px;margin-bottom : 30px;}.fusion-builder-column-2 > .fusion-column-wrapper {padding-top : 40px !important;padding-right : 40px !important;margin-right : 15px;padding-bottom : 40px !important;padding-left : 40px !important;margin-left : 15px;}.fusion-flex-container .fusion-row .fusion-builder-column-2 > .fusion-column-inner-bg { margin-right:15px;margin-left:15px; }@media only screen and (max-width:1024px) {.fusion-body .fusion-builder-column-2{width:50% !important;order : 0;}.fusion-builder-column-2 > .fusion-column-wrapper {margin-right : 15px;margin-left : 15px;}.fusion-flex-container .fusion-row .fusion-builder-column-2 > .fusion-column-inner-bg { margin-right:15px;margin-left:15px; }}@media only screen and (max-width:640px) {.fusion-body .fusion-builder-column-2{width:100% !important;order : 0;}.fusion-builder-column-2 > .fusion-column-wrapper {margin-right : 15px;margin-left : 15px;}.fusion-flex-container .fusion-row .fusion-builder-column-2 > .fusion-column-inner-bg { margin-right:15px;margin-left:15px; }}.fusion-builder-column-2 .hover-type-liftup:before{border-radius:30px 30px 30px 30px;}<\/style><\/div><div class=\"fusion-layout-column fusion_builder_column fusion-builder-column-3 fusion_builder_column_1_2 1_2 fusion-flex-column fusion-column-inner-bg-wrapper fusion-column-liftup-border\"><div class=\"fusion-column-wrapper fusion-flex-justify-content-space-between fusion-content-layout-column\" style=\"border-radius:30px 30px 30px 30px;overflow:hidden;padding: 40px 40px 40px 40px;\"><i class=\"fb-icon-element-2 fb-icon-element fontawesome-icon fa-exclamation-circle fas circle-no fusion-text-flow\" style=\"font-size:56px;margin-bottom:20px;\"><\/i><style>i.fb-icon-element.fontawesome-icon.fb-icon-element-2{ color: #ffffff;}i.fb-icon-element.fontawesome-icon.fb-icon-element-2:hover { color: #ffffff;}@media only screen and (max-width:1024px) {i.fb-icon-element.fontawesome-icon.fb-icon-element-2{ align-self:center;}}@media only screen and (max-width:640px) {i.fb-icon-element.fontawesome-icon.fb-icon-element-2{ align-self:center;}}<\/style><style type=\"text\/css\">@media only screen and (max-width:1024px) {.fusion-title.fusion-title-4{margin-top:0px!important; margin-right:0px!important;margin-bottom:0px!important;margin-left:0px!important;}}@media only screen and (max-width:640px) {.fusion-title.fusion-title-4{margin-top:0px!important; margin-right:0px!important;margin-bottom:0px!important; margin-left:0px!important;}}<\/style><div class=\"fusion-title title fusion-title-4 fusion-sep-none fusion-title-text fusion-title-size-five\" style=\"margin-top:0px;margin-right:0px;margin-bottom:0px;margin-left:0px;\"><h5 class=\"title-heading-left md-text-align-center sm-text-align-center fusion-responsive-typography-calculated\" style=\"margin:0;color:#ffffff;--fontSize:24;line-height:1.4;\">Entornos agresivos<\/h5><\/div><\/div><span class=\"fusion-column-inner-bg hover-type-liftup\"><span class=\"fusion-column-anchor\"><span class=\"fusion-column-inner-bg-image\" style=\"background-image: linear-gradient(178deg, var(--awb-color5) 0%,var(--awb-color6) 100%);background-position:left top;background-repeat:no-repeat;-webkit-background-size:cover;-moz-background-size:cover;-o-background-size:cover;background-size:cover;border-radius:30px 30px 30px 30px;\"><\/span><\/span><\/span><style type=\"text\/css\">.fusion-body .fusion-builder-column-3{width:50% !important;margin-top : 0px;margin-bottom : 30px;}.fusion-builder-column-3 > .fusion-column-wrapper {padding-top : 40px !important;padding-right : 40px !important;margin-right : 15px;padding-bottom : 40px !important;padding-left : 40px !important;margin-left : 15px;}.fusion-flex-container .fusion-row .fusion-builder-column-3 > .fusion-column-inner-bg { margin-right:15px;margin-left:15px; }@media only screen and (max-width:1024px) {.fusion-body .fusion-builder-column-3{width:50% !important;order : 0;}.fusion-builder-column-3 > .fusion-column-wrapper {margin-right : 15px;margin-left : 15px;}.fusion-flex-container .fusion-row .fusion-builder-column-3 > .fusion-column-inner-bg { margin-right:15px;margin-left:15px; }}@media only screen and (max-width:640px) {.fusion-body .fusion-builder-column-3{width:100% !important;order : 0;}.fusion-builder-column-3 > .fusion-column-wrapper {margin-right : 15px;margin-left : 15px;}.fusion-flex-container .fusion-row .fusion-builder-column-3 > .fusion-column-inner-bg { margin-right:15px;margin-left:15px; }}.fusion-builder-column-3 .hover-type-liftup:before{border-radius:30px 30px 30px 30px;}<\/style><\/div><div class=\"fusion-layout-column fusion_builder_column fusion-builder-column-4 fusion_builder_column_1_2 1_2 fusion-flex-column fusion-column-inner-bg-wrapper fusion-column-liftup-border\"><div class=\"fusion-column-wrapper fusion-flex-justify-content-space-between fusion-content-layout-column\" style=\"border-radius:24px 24px 24px 24px;overflow:hidden;padding: 40px 40px 40px 40px;\"><i class=\"fb-icon-element-3 fb-icon-element fontawesome-icon fa-bahai fas circle-no fusion-text-flow\" style=\"font-size:56px;margin-bottom:20px;\"><\/i><style>i.fb-icon-element.fontawesome-icon.fb-icon-element-3{ color: #ffffff;}i.fb-icon-element.fontawesome-icon.fb-icon-element-3:hover { color: #ffffff;}@media only screen and (max-width:1024px) {i.fb-icon-element.fontawesome-icon.fb-icon-element-3{ align-self:center;}}@media only screen and (max-width:640px) {i.fb-icon-element.fontawesome-icon.fb-icon-element-3{ align-self:center;}}<\/style><style type=\"text\/css\">@media only screen and (max-width:1024px) {.fusion-title.fusion-title-5{margin-top:20px!important;margin-right:0px!important;margin-bottom:0px!important; margin-left:0px!important;}}@media only screen and (max-width:640px) {.fusion-title.fusion-title-5{margin-top:0px!important; margin-right:0px!important;margin-bottom:0px!important; margin-left:0px!important;}}<\/style><div class=\"fusion-title title fusion-title-5 fusion-sep-none fusion-title-text fusion-title-size-five\" style=\"margin-top:0px;margin-right:0px;margin-bottom:0px;margin-left:0px;\"><h5 class=\"title-heading-left md-text-align-center sm-text-align-center fusion-responsive-typography-calculated\" style=\"margin:0;text-transform:none;color:#ffffff;--fontSize:24;line-height:1.4;\">Zonas ATEX<\/h5><\/div><\/div><span class=\"fusion-column-inner-bg hover-type-liftup\"><span class=\"fusion-column-anchor\"><span class=\"fusion-column-inner-bg-image\" style=\"background-image: linear-gradient(178deg, var(--awb-color5) 0%,var(--awb-color6) 100%);background-position:left top;background-repeat:no-repeat;-webkit-background-size:cover;-moz-background-size:cover;-o-background-size:cover;background-size:cover;border-radius:24px 24px 24px 24px;\"><\/span><\/span><\/span><style type=\"text\/css\">.fusion-body .fusion-builder-column-4{width:50% !important;margin-top : 0px;margin-bottom : 30px;}.fusion-builder-column-4 > .fusion-column-wrapper {padding-top : 40px !important;padding-right : 40px !important;margin-right : 15px;padding-bottom : 40px !important;padding-left : 40px !important;margin-left : 15px;}.fusion-flex-container .fusion-row .fusion-builder-column-4 > .fusion-column-inner-bg { margin-right:15px;margin-left:15px; }@media only screen and (max-width:1024px) {.fusion-body .fusion-builder-column-4{width:50% !important;order : 0;}.fusion-builder-column-4 > .fusion-column-wrapper {padding-top : 30px !important;padding-right : 20px !important;margin-right : 15px;padding-bottom : 30px !important;padding-left : 20px !important;margin-left : 15px;}.fusion-flex-container .fusion-row .fusion-builder-column-4 > .fusion-column-inner-bg { margin-right:15px;margin-left:15px; }}@media only screen and (max-width:640px) {.fusion-body .fusion-builder-column-4{width:100% !important;order : 0;}.fusion-builder-column-4 > .fusion-column-wrapper {margin-right : 15px;margin-left : 15px;}.fusion-flex-container .fusion-row .fusion-builder-column-4 > .fusion-column-inner-bg { margin-right:15px;margin-left:15px; }}.fusion-builder-column-4 .hover-type-liftup:before{border-radius:24px 24px 24px 24px;}<\/style><\/div><div class=\"fusion-layout-column fusion_builder_column fusion-builder-column-5 fusion_builder_column_1_2 1_2 fusion-flex-column fusion-column-inner-bg-wrapper fusion-column-liftup-border\"><div class=\"fusion-column-wrapper fusion-flex-justify-content-space-between fusion-content-layout-column\" style=\"border-radius:24px 24px 24px 24px;overflow:hidden;padding: 40px 40px 40px 40px;\"><i class=\"fb-icon-element-4 fb-icon-element fontawesome-icon fa-shield-alt fas circle-no fusion-text-flow\" style=\"font-size:56px;margin-bottom:20px;\"><\/i><style>i.fb-icon-element.fontawesome-icon.fb-icon-element-4{ color: #ffffff;}i.fb-icon-element.fontawesome-icon.fb-icon-element-4:hover { color: #ffffff;}@media only screen and (max-width:1024px) {i.fb-icon-element.fontawesome-icon.fb-icon-element-4{ align-self:center;}}@media only screen and (max-width:640px) {i.fb-icon-element.fontawesome-icon.fb-icon-element-4{ align-self:center;}}<\/style><style type=\"text\/css\">@media only screen and (max-width:1024px) {.fusion-title.fusion-title-6{margin-top:20px!important;margin-right:0px!important;margin-bottom:0px!important; margin-left:0px!important;}}@media only screen and (max-width:640px) {.fusion-title.fusion-title-6{margin-top:0px!important; margin-right:0px!important;margin-bottom:0px!important; margin-left:0px!important;}}<\/style><div class=\"fusion-title title fusion-title-6 fusion-sep-none fusion-title-text fusion-title-size-five\" style=\"margin-top:0px;margin-right:0px;margin-bottom:0px;margin-left:0px;\"><h5 class=\"title-heading-left md-text-align-center sm-text-align-center fusion-responsive-typography-calculated\" style=\"margin:0;text-transform:none;color:#ffffff;--fontSize:24;line-height:1.4;\">Aplicaciones de defensa<\/h5><\/div><\/div><span class=\"fusion-column-inner-bg hover-type-liftup\"><span class=\"fusion-column-anchor\"><span class=\"fusion-column-inner-bg-image\" style=\"background-image: linear-gradient(178deg, var(--awb-color5) 0%,var(--awb-color6) 100%);background-position:left top;background-repeat:no-repeat;-webkit-background-size:cover;-moz-background-size:cover;-o-background-size:cover;background-size:cover;border-radius:24px 24px 24px 24px;\"><\/span><\/span><\/span><style type=\"text\/css\">.fusion-body .fusion-builder-column-5{width:50% !important;margin-top : 0px;margin-bottom : 30px;}.fusion-builder-column-5 > .fusion-column-wrapper {padding-top : 40px !important;padding-right : 40px !important;margin-right : 15px;padding-bottom : 40px !important;padding-left : 40px !important;margin-left : 15px;}.fusion-flex-container .fusion-row .fusion-builder-column-5 > .fusion-column-inner-bg { margin-right:15px;margin-left:15px; }@media only screen and (max-width:1024px) {.fusion-body .fusion-builder-column-5{width:50% !important;order : 0;}.fusion-builder-column-5 > .fusion-column-wrapper {padding-top : 30px !important;padding-right : 20px !important;margin-right : 15px;padding-bottom : 30px !important;padding-left : 20px !important;margin-left : 15px;}.fusion-flex-container .fusion-row .fusion-builder-column-5 > .fusion-column-inner-bg { margin-right:15px;margin-left:15px; }}@media only screen and (max-width:640px) {.fusion-body .fusion-builder-column-5{width:100% !important;order : 0;}.fusion-builder-column-5 > .fusion-column-wrapper {margin-right : 15px;margin-left : 15px;}.fusion-flex-container .fusion-row .fusion-builder-column-5 > .fusion-column-inner-bg { margin-right:15px;margin-left:15px; }}.fusion-builder-column-5 .hover-type-liftup:before{border-radius:24px 24px 24px 24px;}<\/style><\/div><\/div><style type=\"text\/css\">.fusion-body .fusion-flex-container.fusion-builder-row-1{ padding-top : 15vh;margin-top : 0px;padding-right : 15vw;padding-bottom : 0px;margin-bottom : 0px;padding-left : 15vw;}@media only screen and (max-width:1024px) {.fusion-body .fusion-flex-container.fusion-builder-row-1{ padding-top : 8vw;padding-right : 8vw;padding-left : 8vw;}}@media only screen and (max-width:640px) {.fusion-body .fusion-flex-container.fusion-builder-row-1{ padding-top : calc(48px + 10vw);padding-right : 10vw;padding-left : 10vw;}}<\/style><\/div>\n","protected":false},"excerpt":{"rendered":"","protected":false},"author":6,"featured_media":0,"parent":0,"menu_order":0,"comment_status":"closed","ping_status":"closed","template":"100-width.php","meta":{"footnotes":""},"class_list":["post-1336","page","type-page","status-publish","hentry"],"_links":{"self":[{"href":"https:\/\/www.inocess.com\/index.php?rest_route=\/wp\/v2\/pages\/1336","targetHints":{"allow":["GET"]}}],"collection":[{"href":"https:\/\/www.inocess.com\/index.php?rest_route=\/wp\/v2\/pages"}],"about":[{"href":"https:\/\/www.inocess.com\/index.php?rest_route=\/wp\/v2\/types\/page"}],"author":[{"embeddable":true,"href":"https:\/\/www.inocess.com\/index.php?rest_route=\/wp\/v2\/users\/6"}],"replies":[{"embeddable":true,"href":"https:\/\/www.inocess.com\/index.php?rest_route=%2Fwp%2Fv2%2Fcomments&post=1336"}],"version-history":[{"count":2,"href":"https:\/\/www.inocess.com\/index.php?rest_route=\/wp\/v2\/pages\/1336\/revisions"}],"predecessor-version":[{"id":1421,"href":"https:\/\/www.inocess.com\/index.php?rest_route=\/wp\/v2\/pages\/1336\/revisions\/1421"}],"wp:attachment":[{"href":"https:\/\/www.inocess.com\/index.php?rest_route=%2Fwp%2Fv2%2Fmedia&parent=1336"}],"curies":[{"name":"wp","href":"https:\/\/api.w.org\/{rel}","templated":true}]}}